{"id":3795,"date":"2024-08-09T13:12:22","date_gmt":"2024-08-09T10:12:22","guid":{"rendered":"https:\/\/www.keskinerlaw.com\/banking-und-finanzwesen\/"},"modified":"2024-12-16T17:07:54","modified_gmt":"2024-12-16T14:07:54","slug":"banking-und-finanzwesen","status":"publish","type":"page","link":"https:\/\/www.keskinerlaw.com\/de\/banking-und-finanzwesen\/","title":{"rendered":"Banking und Finanzwesen"},"content":{"rendered":"<h1 style=\"text-align: justify;\">Rechtsanwalt f\u00fcr Banking &amp; Finanzwesen<\/h1>\n<p>Die Keskiner Anwaltskanzlei in Istanbul, T\u00fcrkei, und ihre erfahrenen Rechtsanw\u00e4lte f\u00fcr Strafrecht bieten umfassende rechtliche Beratung, um die beste L\u00f6sung zu finden.<\/p>\n<ul>\n<li>Abwicklung von Hypotheken, B\u00fcrgschaften, Darlehen, Leasing, Finanzierungen und weiteren finanziellen Transaktionen.<\/li>\n<li>Analyse und Beratung sowie Vertragsgestaltung f\u00fcr Banken und Finanzinstitute.<\/li>\n<li>Forderungseinziehung und -eintreibung, unter anderem f\u00fcr Banken und Finanzinstitute.<\/li>\n<\/ul>\n<p><strong>Banking &amp; Finanzwesen Recht<\/strong> auf Deutsch bezeichnet das <strong>Bank- und Finanzrecht<\/strong>, welches die rechtlichen Prinzipien und Vorschriften umfasst, die den Bank- und Finanzsektor regeln. Dieser Bereich des Rechts umfasst verschiedene Aspekte, wie zum Beispiel:<\/p>\n<ul>\n<li><strong>Bankrecht<\/strong>: Das rechtliche Regelwerk, das die T\u00e4tigkeiten von Banken betrifft, wie z. B. Kontof\u00fchrung, Kreditvergabe, Zahlungen und die Beziehungen zwischen Banken und ihren Kunden.<\/li>\n<li><strong>Finanzmarktrecht<\/strong>: Die Regulierung der Finanzm\u00e4rkte, einschlie\u00dflich Wertpapierhandel, Investitionen und Finanztransaktionen, um Transparenz und Fairness sicherzustellen.<\/li>\n<li><strong>Regulierung von Finanzinstituten<\/strong>: Vorschriften, die Finanzinstitute wie Banken, Versicherungsunternehmen und Investmentgesellschaften betreffen.<\/li>\n<li><strong>Gesetzliche Vorschriften zu Krediten und Darlehen<\/strong>: Vorschriften zur Vergabe von Krediten, Hypotheken und anderen Finanzprodukten, einschlie\u00dflich Verbraucherschutzgesetze.<\/li>\n<li><strong>Zahlungsverkehrsrecht<\/strong>: Die rechtlichen Rahmenbedingungen f\u00fcr den Geldtransfer und elektronische Zahlungen.<\/li>\n<\/ul>\n<p>Das Bank- und Finanzrecht sorgt f\u00fcr den reibungslosen Ablauf, die Stabilit\u00e4t und die Transparenz von Finanzsystemen und sch\u00fctzt sowohl Verbraucher als auch Institutionen.<\/p>\n","protected":false},"excerpt":{"rendered":"<p>Rechtsanwalt f\u00fcr Banking &amp; Finanzwesen Die Keskiner Anwaltskanzlei in Istanbul, T\u00fcrkei, und ihre erfahrenen Rechtsanw\u00e4lte f\u00fcr Strafrecht bieten umfassende rechtliche Beratung, um die beste L\u00f6sung zu finden. Abwicklung von Hypotheken, B\u00fcrgschaften, Darlehen, Leasing, Finanzierungen und weiteren finanziellen Transaktionen. Analyse und Beratung sowie Vertragsgestaltung f\u00fcr Banken und Finanzinstitute. Forderungseinziehung und -eintreibung, unter anderem f\u00fcr Banken und [&hellip;]<\/p>\n","protected":false},"author":1,"featured_media":0,"parent":0,"menu_order":0,"comment_status":"closed","ping_status":"closed","template":"","meta":{"footnotes":""},"class_list":["post-3795","page","type-page","status-publish","hentry"],"aioseo_notices":[],"_links":{"self":[{"href":"https:\/\/www.keskinerlaw.com\/de\/wp-json\/wp\/v2\/pages\/3795"}],"collection":[{"href":"https:\/\/www.keskinerlaw.com\/de\/wp-json\/wp\/v2\/pages"}],"about":[{"href":"https:\/\/www.keskinerlaw.com\/de\/wp-json\/wp\/v2\/types\/page"}],"author":[{"embeddable":true,"href":"https:\/\/www.keskinerlaw.com\/de\/wp-json\/wp\/v2\/users\/1"}],"replies":[{"embeddable":true,"href":"https:\/\/www.keskinerlaw.com\/de\/wp-json\/wp\/v2\/comments?post=3795"}],"version-history":[{"count":3,"href":"https:\/\/www.keskinerlaw.com\/de\/wp-json\/wp\/v2\/pages\/3795\/revisions"}],"predecessor-version":[{"id":4250,"href":"https:\/\/www.keskinerlaw.com\/de\/wp-json\/wp\/v2\/pages\/3795\/revisions\/4250"}],"wp:attachment":[{"href":"https:\/\/www.keskinerlaw.com\/de\/wp-json\/wp\/v2\/media?parent=3795"}],"curies":[{"name":"wp","href":"https:\/\/api.w.org\/{rel}","templated":true}]}}