{"id":3801,"date":"2024-08-09T13:18:18","date_gmt":"2024-08-09T10:18:18","guid":{"rendered":"https:\/\/www.keskinerlaw.com\/arbeitserlaubnis-und-aufenthaltsgenehmigung\/"},"modified":"2024-12-16T17:03:14","modified_gmt":"2024-12-16T14:03:14","slug":"arbeitserlaubnis-und-aufenthaltsgenehmigung","status":"publish","type":"page","link":"https:\/\/www.keskinerlaw.com\/de\/arbeitserlaubnis-und-aufenthaltsgenehmigung\/","title":{"rendered":"Arbeitserlaubnis und Aufenthaltsgenehmigung"},"content":{"rendered":"<h1>Arbeitserlaubnis und Aufenthaltsgenehmigung<\/h1>\n<p style=\"text-align: justify;\">Die Keskiner Anwaltskanzlei in Istanbul, T\u00fcrkei, und ihre erfahrenen Rechtsanw\u00e4lte f\u00fcr Arbeitserlaubnis und Aufenthaltsgenehmigung bieten umfassende rechtliche Beratung, um die beste L\u00f6sung zu finden. Aufgrund ihrer besonderen Expertise unterst\u00fctzt die Kanzlei Ausl\u00e4nder, die in der T\u00fcrkei eine Arbeitserlaubnis und Aufenthaltsgenehmigung ben\u00f6tigen, mit ma\u00dfgeschneiderter rechtlicher Beratung und Betreuung.<\/p>\n<p><strong>Arbeitserlaubnis und Aufenthaltsgenehmigung<\/strong> sind zwei Begriffe, die h\u00e4ufig miteinander verbunden sind, aber unterschiedliche rechtliche Bedeutungen haben:<\/p>\n<ol>\n<li><strong>Arbeitserlaubnis<\/strong><br \/>\nEine <strong>Arbeitserlaubnis<\/strong> ist eine Genehmigung, die es einer ausl\u00e4ndischen Person erlaubt, in einem Land zu arbeiten. Sie ist erforderlich, wenn jemand aus einem anderen Land in Deutschland oder einem anderen Land arbeiten m\u00f6chte und nicht \u00fcber die Staatsb\u00fcrgerschaft des Landes verf\u00fcgt. Die Arbeitserlaubnis kann befristet sein und ist oft an bestimmte Bedingungen wie die Art der Arbeit oder die Dauer des Arbeitsverh\u00e4ltnisses gebunden.<\/li>\n<li><strong>Aufenthaltsgenehmigung<\/strong><br \/>\nEine <strong>Aufenthaltsgenehmigung<\/strong> (auch <strong>Aufenthaltsvisum<\/strong> oder <strong>Aufenthaltserlaubnis<\/strong>) ist ein rechtliches Dokument, das einer ausl\u00e4ndischen Person das Recht gibt, sich f\u00fcr einen bestimmten Zeitraum in einem Land aufzuhalten. Sie ist nicht nur f\u00fcr die Arbeit, sondern auch f\u00fcr den Aufenthalt zu anderen Zwecken wie Studium, Familienzusammenf\u00fchrung oder Asyl erforderlich. In vielen F\u00e4llen kann eine Aufenthaltserlaubnis mit einer Arbeitserlaubnis kombiniert werden, insbesondere wenn der Aufenthalt zum Zweck der Arbeit erfolgt.<\/li>\n<\/ol>\n<p>Zusammengefasst:<\/p>\n<ul>\n<li><strong>Arbeitserlaubnis<\/strong> = Erlaubnis, in einem Land zu arbeiten.<\/li>\n<li><strong>Aufenthaltsgenehmigung<\/strong> = Erlaubnis, in einem Land zu leben und sich dort aufzuhalten.<\/li>\n<\/ul>\n","protected":false},"excerpt":{"rendered":"<p>Arbeitserlaubnis und Aufenthaltsgenehmigung Die Keskiner Anwaltskanzlei in Istanbul, T\u00fcrkei, und ihre erfahrenen Rechtsanw\u00e4lte f\u00fcr Arbeitserlaubnis und Aufenthaltsgenehmigung bieten umfassende rechtliche Beratung, um die beste L\u00f6sung zu finden. Aufgrund ihrer besonderen Expertise unterst\u00fctzt die Kanzlei Ausl\u00e4nder, die in der T\u00fcrkei eine Arbeitserlaubnis und Aufenthaltsgenehmigung ben\u00f6tigen, mit ma\u00dfgeschneiderter rechtlicher Beratung und Betreuung. Arbeitserlaubnis und Aufenthaltsgenehmigung sind zwei [&hellip;]<\/p>\n","protected":false},"author":1,"featured_media":0,"parent":0,"menu_order":0,"comment_status":"closed","ping_status":"closed","template":"","meta":{"footnotes":""},"class_list":["post-3801","page","type-page","status-publish","hentry"],"aioseo_notices":[],"_links":{"self":[{"href":"https:\/\/www.keskinerlaw.com\/de\/wp-json\/wp\/v2\/pages\/3801"}],"collection":[{"href":"https:\/\/www.keskinerlaw.com\/de\/wp-json\/wp\/v2\/pages"}],"about":[{"href":"https:\/\/www.keskinerlaw.com\/de\/wp-json\/wp\/v2\/types\/page"}],"author":[{"embeddable":true,"href":"https:\/\/www.keskinerlaw.com\/de\/wp-json\/wp\/v2\/users\/1"}],"replies":[{"embeddable":true,"href":"https:\/\/www.keskinerlaw.com\/de\/wp-json\/wp\/v2\/comments?post=3801"}],"version-history":[{"count":3,"href":"https:\/\/www.keskinerlaw.com\/de\/wp-json\/wp\/v2\/pages\/3801\/revisions"}],"predecessor-version":[{"id":4248,"href":"https:\/\/www.keskinerlaw.com\/de\/wp-json\/wp\/v2\/pages\/3801\/revisions\/4248"}],"wp:attachment":[{"href":"https:\/\/www.keskinerlaw.com\/de\/wp-json\/wp\/v2\/media?parent=3801"}],"curies":[{"name":"wp","href":"https:\/\/api.w.org\/{rel}","templated":true}]}}