{"id":3803,"date":"2024-08-09T13:24:05","date_gmt":"2024-08-09T10:24:05","guid":{"rendered":"https:\/\/www.keskinerlaw.com\/strafrecht\/"},"modified":"2024-12-16T17:59:42","modified_gmt":"2024-12-16T14:59:42","slug":"strafrecht","status":"publish","type":"page","link":"https:\/\/www.keskinerlaw.com\/de\/strafrecht\/","title":{"rendered":"Strafrecht"},"content":{"rendered":"<h1>Strafrecht<\/h1>\n<p>Die Keskiner Anwaltskanzlei in Istanbul bietet mit ihrem erfahrenen Team von Rechtsanw\u00e4lten im Bereich Strafrecht umfassende rechtliche Beratung und Unterst\u00fctzung, um f\u00fcr ihre Mandanten die beste L\u00f6sung zu finden. Dank ihrer besonderen Expertise im t\u00fcrkischen Strafrecht bietet die Kanzlei professionelle Begleitung f\u00fcr Verd\u00e4chtige, Beschuldigte, Opfer und Beteiligte w\u00e4hrend des Strafverfahrens sowie des Gerichtsprozesses \u2013 einschlie\u00dflich Vernehmungen bei der Polizei.<\/p>\n<p><strong>Unsere Leistungen im Strafrecht:<\/strong><\/p>\n<ul>\n<li><strong>Straftaten gegen das Leben:<\/strong> Mord, Totschlag, fahrl\u00e4ssige T\u00f6tung<\/li>\n<li><strong>Straftaten gegen die k\u00f6rperliche Unversehrtheit:<\/strong> Vors\u00e4tzliche K\u00f6rperverletzung, fahrl\u00e4ssige K\u00f6rperverletzung<\/li>\n<li><strong>Sexualdelikte:<\/strong> Sexuelle N\u00f6tigung\/Vergewaltigung, sexuelle Bel\u00e4stigung, sexueller Missbrauch<\/li>\n<li><strong>Straftaten gegen die Freiheit:<\/strong> Bedrohung, Erpressung, Freiheitsberaubung, Hausfriedensbruch<\/li>\n<li><strong>Straftaten gegen die Ehre:<\/strong> Beleidigung, Verleumdung<\/li>\n<li><strong>Verletzung des pers\u00f6nlichen Lebens- und Geheimbereichs:<\/strong> Eingriff in die Privatsph\u00e4re, Verletzung des pers\u00f6nlichen Geheimbereichs<\/li>\n<li><strong>Straftaten gegen das Eigentum:<\/strong> Diebstahl, Raub, Sachbesch\u00e4digung, Betrug, Untreue<\/li>\n<li><strong>Urkundenf\u00e4lschung:<\/strong> F\u00e4lschung von Dokumenten, Geldf\u00e4lschung<\/li>\n<li><strong>Straftaten gegen die \u00f6ffentliche Moral:<\/strong> Prostitution, Pornografie, Gl\u00fccksspiel<\/li>\n<li><strong>Internationale Straftaten:<\/strong> Menschenhandel, Schmuggel<\/li>\n<\/ul>\n<p>Die Keskiner Anwaltskanzlei steht ihren Mandanten mit fundiertem Fachwissen und zielgerichteter Beratung bei allen strafrechtlichen Angelegenheiten zur Seite.<\/p>\n<p>Die <strong>Keskiner Anwaltskanzlei<\/strong> in Istanbul ist auf Strafrecht spezialisiert und bietet Mandanten umfassende Beratung und rechtliche Unterst\u00fctzung. Unsere erfahrenen Rechtsanw\u00e4lte vertreten Verd\u00e4chtige, Beschuldigte, Opfer sowie andere beteiligte Personen w\u00e4hrend des gesamten Strafverfahrens \u2013 von polizeilichen Vernehmungen bis hin zu Gerichtsprozessen.<\/p>\n<p>&nbsp;<\/p>\n","protected":false},"excerpt":{"rendered":"<p>Strafrecht Die Keskiner Anwaltskanzlei in Istanbul bietet mit ihrem erfahrenen Team von Rechtsanw\u00e4lten im Bereich Strafrecht umfassende rechtliche Beratung und Unterst\u00fctzung, um f\u00fcr ihre Mandanten die beste L\u00f6sung zu finden. Dank ihrer besonderen Expertise im t\u00fcrkischen Strafrecht bietet die Kanzlei professionelle Begleitung f\u00fcr Verd\u00e4chtige, Beschuldigte, Opfer und Beteiligte w\u00e4hrend des Strafverfahrens sowie des Gerichtsprozesses \u2013 [&hellip;]<\/p>\n","protected":false},"author":1,"featured_media":0,"parent":0,"menu_order":0,"comment_status":"closed","ping_status":"closed","template":"","meta":{"footnotes":""},"class_list":["post-3803","page","type-page","status-publish","hentry"],"aioseo_notices":[],"_links":{"self":[{"href":"https:\/\/www.keskinerlaw.com\/de\/wp-json\/wp\/v2\/pages\/3803"}],"collection":[{"href":"https:\/\/www.keskinerlaw.com\/de\/wp-json\/wp\/v2\/pages"}],"about":[{"href":"https:\/\/www.keskinerlaw.com\/de\/wp-json\/wp\/v2\/types\/page"}],"author":[{"embeddable":true,"href":"https:\/\/www.keskinerlaw.com\/de\/wp-json\/wp\/v2\/users\/1"}],"replies":[{"embeddable":true,"href":"https:\/\/www.keskinerlaw.com\/de\/wp-json\/wp\/v2\/comments?post=3803"}],"version-history":[{"count":3,"href":"https:\/\/www.keskinerlaw.com\/de\/wp-json\/wp\/v2\/pages\/3803\/revisions"}],"predecessor-version":[{"id":4267,"href":"https:\/\/www.keskinerlaw.com\/de\/wp-json\/wp\/v2\/pages\/3803\/revisions\/4267"}],"wp:attachment":[{"href":"https:\/\/www.keskinerlaw.com\/de\/wp-json\/wp\/v2\/media?parent=3803"}],"curies":[{"name":"wp","href":"https:\/\/api.w.org\/{rel}","templated":true}]}}