{"id":3809,"date":"2024-08-09T13:31:52","date_gmt":"2024-08-09T10:31:52","guid":{"rendered":"https:\/\/www.keskinerlaw.com\/zwangsvollstreckung-und-konkursrecht\/"},"modified":"2024-12-16T18:15:14","modified_gmt":"2024-12-16T15:15:14","slug":"zwangsvollstreckung-und-konkursrecht","status":"publish","type":"page","link":"https:\/\/www.keskinerlaw.com\/de\/zwangsvollstreckung-und-konkursrecht\/","title":{"rendered":"Zwangsvollstreckung und Konkursrecht"},"content":{"rendered":"<h1>Zwangsvollstreckung &amp; Konkursrecht<\/h1>\n<p style=\"text-align: justify;\">Keskiner Anwaltskanzlei in Istanbul, T\u00fcrkei und ihre erfahrenen Rechtsanw\u00e4lte f\u00fcr Zwangsvollstreckung und Konkursrecht bietet rechtliche Beratung um die beste L\u00f6sung zu finden. Keskiner Anwaltskanzlei bietet aufgrund ihrer besonderen Erfahrung rechtliche Beratung und Betreuung beim Schuldenverfahren und bei der Einziehung von Forderungen<\/p>\n<p style=\"text-align: justify;\">&#8211; Einziehung von Forderungen durch erzielte Einigung mit dem Schuldner<\/p>\n<p style=\"text-align: justify;\">&#8211; Kontaktaufnahme mit den Vollstreckungsbeh\u00f6rden im Falle einer Nicht-Einigung<\/p>\n<p style=\"text-align: justify;\">&#8211; Gerichtliches Vollstreckungsverfahren bei schriftlich festgehaltenenen Schulden, Auswertung aller Verm\u00f6genswerte des Schuldners, Verpf\u00e4ndung der Verm\u00f6genspositionen, Ver\u00e4u\u00dferung des Verm\u00f6gens des Schuldners und schlie\u00dflich die Einziehung von Forderungen<\/p>\n<p style=\"text-align: justify;\">&#8211; Aufnahme von nichtgerichtlichen Vollstreckungsma\u00dfnahmen f\u00fcr nicht belegte Schulden, Darlehensnachweis<\/p>\n<p style=\"text-align: justify;\">&#8211; Zwangsvollstreckung bei Hypotheken und Pfandgut<\/p>\n<p style=\"text-align: justify;\">&#8211; Konkursantrag gegen Schuldner mit dem Ziel des Forderungseinzugs<\/p>\n<p style=\"text-align: justify;\">&#8211; Aufnahme des Verfahrens bei Finanzierungsvereinbarungen, Darlehensvertr\u00e4ge, Pachtvertr\u00e4ge<\/p>\n<p>Keskiner Anwaltskanzlei in Istanbul, T\u00fcrkei, bietet mit ihrer langj\u00e4hrigen Erfahrung im Bereich Zwangsvollstreckung und Konkursrecht ma\u00dfgeschneiderte rechtliche Beratung und Unterst\u00fctzung, um die besten L\u00f6sungen in Schuldenangelegenheiten und bei der Forderungseintreibung zu finden.<\/p>\n<ul>\n<li>Einziehung von Forderungen durch Verhandlungen und Einigung mit dem Schuldner<\/li>\n<li>Kontaktaufnahme mit den Vollstreckungsbeh\u00f6rden bei ausbleibender Einigung<\/li>\n<li>Durchf\u00fchrung eines gerichtlichen Vollstreckungsverfahrens bei schriftlich festgehaltenen Schulden, einschlie\u00dflich der Auswertung der Verm\u00f6genswerte des Schuldners, der Verpf\u00e4ndung von Verm\u00f6genspositionen, der Verwertung von Verm\u00f6genswerten und letztlich der Eintreibung von Forderungen<\/li>\n<li>Durchf\u00fchrung nichtgerichtlicher Vollstreckungsma\u00dfnahmen bei unbestrittenen Schulden oder Darlehensnachweisen<\/li>\n<li>Zwangsvollstreckung bei Hypotheken und Pfandrechten<\/li>\n<li>Konkursantrag gegen Schuldner zur Durchsetzung von Forderungen<\/li>\n<li>Aufnahme des Verfahrens zur Durchsetzung von Finanzierungsvereinbarungen, Darlehensvertr\u00e4gen und Pachtvertr\u00e4gen<\/li>\n<\/ul>\n<p>&nbsp;<\/p>\n","protected":false},"excerpt":{"rendered":"<p>Zwangsvollstreckung &amp; Konkursrecht Keskiner Anwaltskanzlei in Istanbul, T\u00fcrkei und ihre erfahrenen Rechtsanw\u00e4lte f\u00fcr Zwangsvollstreckung und Konkursrecht bietet rechtliche Beratung um die beste L\u00f6sung zu finden. Keskiner Anwaltskanzlei bietet aufgrund ihrer besonderen Erfahrung rechtliche Beratung und Betreuung beim Schuldenverfahren und bei der Einziehung von Forderungen &#8211; Einziehung von Forderungen durch erzielte Einigung mit dem Schuldner &#8211; [&hellip;]<\/p>\n","protected":false},"author":1,"featured_media":0,"parent":0,"menu_order":0,"comment_status":"closed","ping_status":"closed","template":"","meta":{"footnotes":""},"class_list":["post-3809","page","type-page","status-publish","hentry"],"aioseo_notices":[],"_links":{"self":[{"href":"https:\/\/www.keskinerlaw.com\/de\/wp-json\/wp\/v2\/pages\/3809"}],"collection":[{"href":"https:\/\/www.keskinerlaw.com\/de\/wp-json\/wp\/v2\/pages"}],"about":[{"href":"https:\/\/www.keskinerlaw.com\/de\/wp-json\/wp\/v2\/types\/page"}],"author":[{"embeddable":true,"href":"https:\/\/www.keskinerlaw.com\/de\/wp-json\/wp\/v2\/users\/1"}],"replies":[{"embeddable":true,"href":"https:\/\/www.keskinerlaw.com\/de\/wp-json\/wp\/v2\/comments?post=3809"}],"version-history":[{"count":3,"href":"https:\/\/www.keskinerlaw.com\/de\/wp-json\/wp\/v2\/pages\/3809\/revisions"}],"predecessor-version":[{"id":4281,"href":"https:\/\/www.keskinerlaw.com\/de\/wp-json\/wp\/v2\/pages\/3809\/revisions\/4281"}],"wp:attachment":[{"href":"https:\/\/www.keskinerlaw.com\/de\/wp-json\/wp\/v2\/media?parent=3809"}],"curies":[{"name":"wp","href":"https:\/\/api.w.org\/{rel}","templated":true}]}}