{"id":3817,"date":"2024-08-09T13:46:34","date_gmt":"2024-08-09T10:46:34","guid":{"rendered":"https:\/\/www.keskinerlaw.com\/kd-anwaltskanzlei-istanbul\/"},"modified":"2024-12-31T15:45:52","modified_gmt":"2024-12-31T12:45:52","slug":"kd-anwaltskanzlei-istanbul","status":"publish","type":"page","link":"https:\/\/www.keskinerlaw.com\/de\/","title":{"rendered":"KESKINER ANWALTSKANZLEI \u2013 Istanbul"},"content":{"rendered":"<p>Die Anwaltskanzlei Keskiner mit Sitz in Istanbul ist eine Kanzlei, die umfassende Dienstleistungen in allen Rechtsgebieten anbietet. Sie wurde mit dem Ziel gegr\u00fcndet, die Bed\u00fcrfnisse ihrer Mandanten zu erf\u00fcllen und durch das erfahrene Anwaltsteam das bestm\u00f6gliche Ergebnis zu erzielen.<\/p>\n<p>Die Anw\u00e4lte der Kanzlei Keskiner haben zahlreiche Streitigkeiten in verschiedenen Rechtsbereichen erfolgreich gel\u00f6st und dabei wertvolle Erfahrung gesammelt, die es ihnen erm\u00f6glicht, den gew\u00fcnschten Erfolg f\u00fcr ihre Mandanten zu erzielen. Neben der Bereitstellung qualitativ hochwertiger, l\u00f6sungsorientierter und zuverl\u00e4ssiger Rechtsberatung ist es ein Ziel der Kanzlei, alle Mandantenangelegenheiten so schnell wie m\u00f6glich abzuwickeln, da das Team sich der Bedeutung der Zeit bei der Erbringung juristischer Dienstleistungen bewusst ist.<\/p>\n<p><strong>UNSERE RECHTLICHEN DIENSTLEISTUNGEN<\/strong><\/p>\n<p>Die Anwaltskanzlei Keskiner wurde von den Rechtsanw\u00e4lten Ezgi Kuma\u015f und Elif Dokuz gegr\u00fcndet und ist bei der Istanbuler Anwaltskammer eingetragen. Die Kanzlei bietet juristische Dienstleistungen in t\u00fcrkischer, englischer und deutscher Sprache f\u00fcr in- und ausl\u00e4ndische juristische Personen sowie Einzelpersonen an. Unsere Anw\u00e4lte sind in vielen Rechtsbereichen spezialisiert, darunter IT-Recht, Familienrecht (insbesondere Scheidungsrecht), Strafrecht, Immobilienrecht, Vollstreckungs- und Insolvenzrecht, Arbeitsrecht, Erbrecht, Versicherungsrecht, Handels- und Gesellschaftsrecht, Urheberrecht, Verbraucherrecht und Steuerrecht.<\/p>\n<p><strong>RECHTLICHE BERATUNG<\/strong><\/p>\n<p>Die Anw\u00e4lte der Anwaltskanzlei Keskiner bieten Rechtsberatung zu einer Vielzahl von rechtlichen Fragestellungen an, sowohl pers\u00f6nlich als auch per E-Mail oder Telefon in der Kanzlei in Istanbul.<\/p>\n<p><strong>RECHTSANW\u00c4LTE<\/strong><br \/>\nDie Anwaltskanzlei Keskiner in Istanbul, deren Ziel es ist, durch ihre erfahrenen und kreativen Anw\u00e4lte effektive, erfolgreiche und schnelle Ergebnisse f\u00fcr ihre Mandanten vor Gericht zu erzielen, ist \u00fcberzeugt, dass erfolgreiche rechtliche Ergebnisse stets auf Fachwissen, harter Arbeit, Ehrgeiz und Ausdauer beruhen. Um dieses Ziel zu erreichen, erarbeitet die Kanzlei f\u00fcr alle Rechtsgebiete, in denen sie t\u00e4tig ist, praktische, innovative und kreative L\u00f6sungen, die zu erfolgreichen Ergebnissen f\u00fchren.<\/p>\n<p>Im Rahmen ihrer juristischen T\u00e4tigkeit bieten die Anw\u00e4lte der Kanzlei Keskiner ihre Dienstleistungen unter Ber\u00fccksichtigung akademischer Standards und der Bedeutung von EU-Recht, internationalem Recht, Gerichtsentscheidungen sowie nationalen Gesetzen und wissenschaftlichen Studien an.<\/p>\n<p>&nbsp;<\/p>\n","protected":false},"excerpt":{"rendered":"<p>Die Anwaltskanzlei Keskiner mit Sitz in Istanbul ist eine Kanzlei, die umfassende Dienstleistungen in allen Rechtsgebieten anbietet. Sie wurde mit dem Ziel gegr\u00fcndet, die Bed\u00fcrfnisse ihrer Mandanten zu erf\u00fcllen und durch das erfahrene Anwaltsteam das bestm\u00f6gliche Ergebnis zu erzielen. Die Anw\u00e4lte der Kanzlei Keskiner haben zahlreiche Streitigkeiten in verschiedenen Rechtsbereichen erfolgreich gel\u00f6st und dabei wertvolle [&hellip;]<\/p>\n","protected":false},"author":1,"featured_media":0,"parent":0,"menu_order":0,"comment_status":"closed","ping_status":"closed","template":"","meta":{"footnotes":""},"class_list":["post-3817","page","type-page","status-publish","hentry"],"aioseo_notices":[],"_links":{"self":[{"href":"https:\/\/www.keskinerlaw.com\/de\/wp-json\/wp\/v2\/pages\/3817"}],"collection":[{"href":"https:\/\/www.keskinerlaw.com\/de\/wp-json\/wp\/v2\/pages"}],"about":[{"href":"https:\/\/www.keskinerlaw.com\/de\/wp-json\/wp\/v2\/types\/page"}],"author":[{"embeddable":true,"href":"https:\/\/www.keskinerlaw.com\/de\/wp-json\/wp\/v2\/users\/1"}],"replies":[{"embeddable":true,"href":"https:\/\/www.keskinerlaw.com\/de\/wp-json\/wp\/v2\/comments?post=3817"}],"version-history":[{"count":5,"href":"https:\/\/www.keskinerlaw.com\/de\/wp-json\/wp\/v2\/pages\/3817\/revisions"}],"predecessor-version":[{"id":4336,"href":"https:\/\/www.keskinerlaw.com\/de\/wp-json\/wp\/v2\/pages\/3817\/revisions\/4336"}],"wp:attachment":[{"href":"https:\/\/www.keskinerlaw.com\/de\/wp-json\/wp\/v2\/media?parent=3817"}],"curies":[{"name":"wp","href":"https:\/\/api.w.org\/{rel}","templated":true}]}}