{"id":3823,"date":"2024-08-09T13:51:07","date_gmt":"2024-08-09T10:51:07","guid":{"rendered":"https:\/\/www.keskinerlaw.com\/erbrecht\/"},"modified":"2024-12-16T17:10:36","modified_gmt":"2024-12-16T14:10:36","slug":"erbrecht","status":"publish","type":"page","link":"https:\/\/www.keskinerlaw.com\/de\/erbrecht\/","title":{"rendered":"Erbrecht"},"content":{"rendered":"<h1>Rechtsanwalt f\u00fcr Erbrecht<\/h1>\n<p>Die Keskiner Anwaltskanzlei in Istanbul, T\u00fcrkei, und ihre erfahrenen Rechtsanw\u00e4lte im Bereich Erbrecht bieten umfassende rechtliche Beratung, um die beste L\u00f6sung zu finden. Aufgrund ihrer besonderen Expertise bietet die Kanzlei rechtliche Beratung und Betreuung im Erbrecht, einschlie\u00dflich der Testamentserstellung, der Beantragung von Erbscheinen und der Aufteilung des Erbes unter den Erben.<\/p>\n<ul>\n<li>Testamentserstellung, Widerruf oder Aufhebung eines Testaments<\/li>\n<li>Einholung der Erbnachweise<\/li>\n<li>Verm\u00f6gensbestimmung des Erblassers und Aufteilung des Verm\u00f6gens<\/li>\n<li>Widerruf unrechtm\u00e4\u00dfiger Verf\u00fcgungen des Erblassers vor dessen Tod<\/li>\n<li>Ausschlagung des Erbes bei Nachlassverbindlichkeiten<\/li>\n<\/ul>\n<p>&nbsp;<\/p>\n<ul>\n<li><strong>Erbrecht<\/strong> bezeichnet das Rechtsgebiet, das sich mit dem Erwerb von Verm\u00f6gen nach dem Tod einer Person besch\u00e4ftigt. Es regelt, wie das Verm\u00f6gen eines Verstorbenen (Nachlass) unter den Erben aufgeteilt wird und welche Rechte und Pflichten dabei bestehen. Das Erbrecht umfasst auch Themen wie Testamente, Erbscheine, Erbvertr\u00e4ge und die Regelung von Nachlassverbindlichkeiten.Wichtige Aspekte des Erbrechts sind:\n<ul>\n<li><strong>Testament<\/strong>: Ein rechtliches Dokument, in dem eine Person festlegt, wie ihr Verm\u00f6gen nach dem Tod verteilt werden soll.<\/li>\n<li><strong>Erbfolge<\/strong>: Die gesetzliche Reihenfolge, in der Erben das Verm\u00f6gen eines Verstorbenen erhalten, wenn kein Testament vorliegt.<\/li>\n<li><strong>Erbschein<\/strong>: Ein amtliches Dokument, das best\u00e4tigt, wer die rechtm\u00e4\u00dfigen Erben eines Verstorbenen sind.<\/li>\n<li><strong>Erbvertr\u00e4ge<\/strong>: Vertr\u00e4ge, die unter den Erben oder zwischen Erblassern und Erben abgeschlossen werden, um die Nachlassregelung zu regeln.<\/li>\n<li><strong>Pflichtteil<\/strong>: Ein gesetzlich festgelegter Mindestanteil am Erbe, den bestimmte Erben, wie Kinder oder Ehepartner, auch bei einem Testament erhalten m\u00fcssen.<\/li>\n<li><strong>Ausschlagung des Erbes<\/strong>: Der Verzicht auf das Erbe, insbesondere wenn der Nachlass Schulden enth\u00e4lt.<\/li>\n<\/ul>\n<p>Das Erbrecht regelt also alle rechtlichen Fragen und Verfahren, die nach dem Tod einer Person im Zusammenhang mit ihrem Verm\u00f6gen auftreten.<\/li>\n<\/ul>\n","protected":false},"excerpt":{"rendered":"<p>Rechtsanwalt f\u00fcr Erbrecht Die Keskiner Anwaltskanzlei in Istanbul, T\u00fcrkei, und ihre erfahrenen Rechtsanw\u00e4lte im Bereich Erbrecht bieten umfassende rechtliche Beratung, um die beste L\u00f6sung zu finden. Aufgrund ihrer besonderen Expertise bietet die Kanzlei rechtliche Beratung und Betreuung im Erbrecht, einschlie\u00dflich der Testamentserstellung, der Beantragung von Erbscheinen und der Aufteilung des Erbes unter den Erben. Testamentserstellung, [&hellip;]<\/p>\n","protected":false},"author":1,"featured_media":0,"parent":0,"menu_order":0,"comment_status":"closed","ping_status":"closed","template":"","meta":{"footnotes":""},"class_list":["post-3823","page","type-page","status-publish","hentry"],"aioseo_notices":[],"_links":{"self":[{"href":"https:\/\/www.keskinerlaw.com\/de\/wp-json\/wp\/v2\/pages\/3823"}],"collection":[{"href":"https:\/\/www.keskinerlaw.com\/de\/wp-json\/wp\/v2\/pages"}],"about":[{"href":"https:\/\/www.keskinerlaw.com\/de\/wp-json\/wp\/v2\/types\/page"}],"author":[{"embeddable":true,"href":"https:\/\/www.keskinerlaw.com\/de\/wp-json\/wp\/v2\/users\/1"}],"replies":[{"embeddable":true,"href":"https:\/\/www.keskinerlaw.com\/de\/wp-json\/wp\/v2\/comments?post=3823"}],"version-history":[{"count":3,"href":"https:\/\/www.keskinerlaw.com\/de\/wp-json\/wp\/v2\/pages\/3823\/revisions"}],"predecessor-version":[{"id":4252,"href":"https:\/\/www.keskinerlaw.com\/de\/wp-json\/wp\/v2\/pages\/3823\/revisions\/4252"}],"wp:attachment":[{"href":"https:\/\/www.keskinerlaw.com\/de\/wp-json\/wp\/v2\/media?parent=3823"}],"curies":[{"name":"wp","href":"https:\/\/api.w.org\/{rel}","templated":true}]}}