{"id":3827,"date":"2024-08-09T13:54:30","date_gmt":"2024-08-09T10:54:30","guid":{"rendered":"https:\/\/www.keskinerlaw.com\/wettbewerbsrecht\/"},"modified":"2024-12-16T18:10:46","modified_gmt":"2024-12-16T15:10:46","slug":"wettbewerbsrecht","status":"publish","type":"page","link":"https:\/\/www.keskinerlaw.com\/de\/wettbewerbsrecht\/","title":{"rendered":"Wettbewerbsrecht"},"content":{"rendered":"<h1>Wettbewerbsrecht<\/h1>\n<p>Wettbewerbsrecht<\/p>\n<p>Keskiner Anwaltskanzlei in Istanbul, T\u00fcrkei, und ihre erfahrenen Rechtsanw\u00e4lte im Bereich Wettbewerbsrecht bieten rechtliche Beratung, um die beste L\u00f6sung zu finden. Aufgrund ihrer langj\u00e4hrigen Erfahrung ber\u00e4t und betreut die Kanzlei ihre Mandanten im Wettbewerbsrecht, einschlie\u00dflich der Pr\u00fcfung von Unternehmensaktivit\u00e4ten im Einklang mit den geltenden Wettbewerbsregeln, der Geltendmachung von Schadensersatzanspr\u00fcchen im Falle von Vertragsverletzungen, im Kartellrecht und bei Antidumping-Ma\u00dfnahmen.<\/p>\n<ul>\n<li>Analyse der Unternehmensaktivit\u00e4ten im Einklang mit den geltenden Wettbewerbsregeln<\/li>\n<li>Fusionen und \u00dcbernahmen<\/li>\n<li>Geltendmachung von Schadensersatzanspr\u00fcchen im Falle von Wettbewerbsverst\u00f6\u00dfen gegen\u00fcber betroffenen Unternehmen<\/li>\n<li>Einspruch gegen Entscheidungen der T\u00fcrkischen Wettbewerbsbeh\u00f6rde<\/li>\n<li>Regulierung von vertikalen und horizontalen Verflechtungen zwischen Tochtergesellschaften<\/li>\n<\/ul>\n<p>Wettbewerbsrecht ist der Bereich des Rechts, der sich mit den Vorschriften und Gesetzen befasst, die den fairen Wettbewerb auf dem Markt sicherstellen sollen. Es umfasst Regelungen, die verhindern sollen, dass Unternehmen den Wettbewerb durch unlautere Praktiken wie Monopolbildung, Kartellbildung oder Marktverzerrungen beeintr\u00e4chtigen. Im Wettbewerbsrecht werden auch Regelungen zu Fusionskontrollen, Missbrauch von Marktmacht, Preismissbrauch und Antidumping-Ma\u00dfnahmen behandelt. Ziel des Wettbewerbsrechts ist es, den Wettbewerb zu f\u00f6rdern, Marktverzerrungen zu vermeiden und so das wirtschaftliche Wachstum und die Verbraucherinteressen zu sch\u00fctzen.<\/p>\n","protected":false},"excerpt":{"rendered":"<p>Wettbewerbsrecht Wettbewerbsrecht Keskiner Anwaltskanzlei in Istanbul, T\u00fcrkei, und ihre erfahrenen Rechtsanw\u00e4lte im Bereich Wettbewerbsrecht bieten rechtliche Beratung, um die beste L\u00f6sung zu finden. Aufgrund ihrer langj\u00e4hrigen Erfahrung ber\u00e4t und betreut die Kanzlei ihre Mandanten im Wettbewerbsrecht, einschlie\u00dflich der Pr\u00fcfung von Unternehmensaktivit\u00e4ten im Einklang mit den geltenden Wettbewerbsregeln, der Geltendmachung von Schadensersatzanspr\u00fcchen im Falle von Vertragsverletzungen, [&hellip;]<\/p>\n","protected":false},"author":1,"featured_media":0,"parent":0,"menu_order":0,"comment_status":"closed","ping_status":"closed","template":"","meta":{"footnotes":""},"class_list":["post-3827","page","type-page","status-publish","hentry"],"aioseo_notices":[],"_links":{"self":[{"href":"https:\/\/www.keskinerlaw.com\/de\/wp-json\/wp\/v2\/pages\/3827"}],"collection":[{"href":"https:\/\/www.keskinerlaw.com\/de\/wp-json\/wp\/v2\/pages"}],"about":[{"href":"https:\/\/www.keskinerlaw.com\/de\/wp-json\/wp\/v2\/types\/page"}],"author":[{"embeddable":true,"href":"https:\/\/www.keskinerlaw.com\/de\/wp-json\/wp\/v2\/users\/1"}],"replies":[{"embeddable":true,"href":"https:\/\/www.keskinerlaw.com\/de\/wp-json\/wp\/v2\/comments?post=3827"}],"version-history":[{"count":3,"href":"https:\/\/www.keskinerlaw.com\/de\/wp-json\/wp\/v2\/pages\/3827\/revisions"}],"predecessor-version":[{"id":4277,"href":"https:\/\/www.keskinerlaw.com\/de\/wp-json\/wp\/v2\/pages\/3827\/revisions\/4277"}],"wp:attachment":[{"href":"https:\/\/www.keskinerlaw.com\/de\/wp-json\/wp\/v2\/media?parent=3827"}],"curies":[{"name":"wp","href":"https:\/\/api.w.org\/{rel}","templated":true}]}}