{"id":3829,"date":"2024-08-09T13:56:21","date_gmt":"2024-08-09T10:56:21","guid":{"rendered":"https:\/\/www.keskinerlaw.com\/versicherungsrecht\/"},"modified":"2024-12-16T18:05:38","modified_gmt":"2024-12-16T15:05:38","slug":"versicherungsrecht","status":"publish","type":"page","link":"https:\/\/www.keskinerlaw.com\/de\/versicherungsrecht\/","title":{"rendered":"Versicherungsrecht"},"content":{"rendered":"<h1>Versicherungsrecht<\/h1>\n<p>Die Keskiner Anwaltskanzlei mit Sitz in Istanbul, T\u00fcrkei, und ihre erfahrenen Rechtsanw\u00e4lte im Bereich des Versicherungsrechts bieten rechtliche Beratung, um die beste L\u00f6sung f\u00fcr ihre Mandanten zu finden. Aufgrund ihrer umfangreichen Erfahrung bietet die Kanzlei rechtliche Unterst\u00fctzung in allen Fragen des Versicherungsrechts, einschlie\u00dflich Schadensersatzforderungen aufgrund von Verkehrsunf\u00e4llen oder anderen Sachsch\u00e4den sowie Rechtsstreitigkeiten im Bereich der Lebens-, Kranken- und Rentenversicherung.<\/p>\n<ul>\n<li>Klagen im Bereich der Kfz-, Luftfahrt- und Seeversicherung<\/li>\n<li>Forderung von Geldentsch\u00e4digungen und Sachleistungen aufgrund von Verkehrsunf\u00e4llen<\/li>\n<li>Geltendmachung von Schadensersatzanspr\u00fcchen und Forderungen im Bereich der Lebens-, Kranken- und Rentenversicherung<\/li>\n<li>Nichtzahlung von Sch\u00e4den, die durch Naturkatastrophen wie \u00dcberschwemmungen, Feuer, Erdbeben etc. verursacht wurden.<\/li>\n<\/ul>\n<p>Versicherungsrecht bezieht sich auf die rechtlichen Bestimmungen und Vorschriften, die die Beziehungen zwischen Versicherungsunternehmen und ihren Kunden regeln. Es umfasst alle rechtlichen Aspekte, die mit Versicherungsvertr\u00e4gen, Schadensf\u00e4llen und Versicherungsanspr\u00fcchen zusammenh\u00e4ngen. Das Versicherungsrecht behandelt Fragen wie:<\/p>\n<ul>\n<li>Abschluss, K\u00fcndigung und Durchf\u00fchrung von Versicherungsvertr\u00e4gen<\/li>\n<li>Rechte und Pflichten der Parteien (Versicherungsnehmer, Versicherer)<\/li>\n<li>Schadensersatzanspr\u00fcche bei versicherten Ereignissen (z.B. bei Verkehrsunf\u00e4llen, Gesundheitsproblemen oder Sachsch\u00e4den)<\/li>\n<li>Streitigkeiten \u00fcber die Auszahlung von Versicherungsleistungen<\/li>\n<li>Aufkl\u00e4rungspflichten und Informationsrechte im Zusammenhang mit Versicherungsvertr\u00e4gen<\/li>\n<\/ul>\n<p>Es ist ein Bereich des Zivilrechts, der sowohl f\u00fcr Privatpersonen als auch f\u00fcr Unternehmen von Bedeutung ist.<\/p>\n<p>&nbsp;<\/p>\n","protected":false},"excerpt":{"rendered":"<p>Versicherungsrecht Die Keskiner Anwaltskanzlei mit Sitz in Istanbul, T\u00fcrkei, und ihre erfahrenen Rechtsanw\u00e4lte im Bereich des Versicherungsrechts bieten rechtliche Beratung, um die beste L\u00f6sung f\u00fcr ihre Mandanten zu finden. Aufgrund ihrer umfangreichen Erfahrung bietet die Kanzlei rechtliche Unterst\u00fctzung in allen Fragen des Versicherungsrechts, einschlie\u00dflich Schadensersatzforderungen aufgrund von Verkehrsunf\u00e4llen oder anderen Sachsch\u00e4den sowie Rechtsstreitigkeiten im Bereich [&hellip;]<\/p>\n","protected":false},"author":1,"featured_media":0,"parent":0,"menu_order":0,"comment_status":"closed","ping_status":"closed","template":"","meta":{"footnotes":""},"class_list":["post-3829","page","type-page","status-publish","hentry"],"aioseo_notices":[],"_links":{"self":[{"href":"https:\/\/www.keskinerlaw.com\/de\/wp-json\/wp\/v2\/pages\/3829"}],"collection":[{"href":"https:\/\/www.keskinerlaw.com\/de\/wp-json\/wp\/v2\/pages"}],"about":[{"href":"https:\/\/www.keskinerlaw.com\/de\/wp-json\/wp\/v2\/types\/page"}],"author":[{"embeddable":true,"href":"https:\/\/www.keskinerlaw.com\/de\/wp-json\/wp\/v2\/users\/1"}],"replies":[{"embeddable":true,"href":"https:\/\/www.keskinerlaw.com\/de\/wp-json\/wp\/v2\/comments?post=3829"}],"version-history":[{"count":3,"href":"https:\/\/www.keskinerlaw.com\/de\/wp-json\/wp\/v2\/pages\/3829\/revisions"}],"predecessor-version":[{"id":4272,"href":"https:\/\/www.keskinerlaw.com\/de\/wp-json\/wp\/v2\/pages\/3829\/revisions\/4272"}],"wp:attachment":[{"href":"https:\/\/www.keskinerlaw.com\/de\/wp-json\/wp\/v2\/media?parent=3829"}],"curies":[{"name":"wp","href":"https:\/\/api.w.org\/{rel}","templated":true}]}}