{"id":3831,"date":"2024-08-09T14:01:03","date_gmt":"2024-08-09T11:01:03","guid":{"rendered":"https:\/\/www.keskinerlaw.com\/vertraege\/"},"modified":"2024-12-16T18:06:33","modified_gmt":"2024-12-16T15:06:33","slug":"vertraege","status":"publish","type":"page","link":"https:\/\/www.keskinerlaw.com\/de\/vertraege\/","title":{"rendered":"Vertr\u00e4ge"},"content":{"rendered":"<h1>Vertr\u00e4ge<\/h1>\n<p>Keskiner Anwaltskanzlei in Istanbul, T\u00fcrkei, und ihre erfahrenen Rechtsanw\u00e4lte im Bereich Vertragsrecht bieten rechtliche Beratung, um die beste L\u00f6sung zu finden. Aufgrund ihrer langj\u00e4hrigen Erfahrung ber\u00e4t und betreut die Kanzlei ihre Mandanten im Bereich des Vertragsrechts, einschlie\u00dflich Handelsvertr\u00e4gen, Darlehensvertr\u00e4gen, Versicherungsvertr\u00e4gen, Mietvertr\u00e4gen, Arbeitsvertr\u00e4gen, Rechtsmitteln bei Vertragsverletzungen und Verfahren zur Vertragsaufl\u00f6sung.<\/p>\n<ul>\n<li>Vertragsverhandlungen, Erreichen einer einvernehmlichen Vereinbarung und Vertragsunterzeichnung<\/li>\n<li>Geltendmachung von Schadensersatzanspr\u00fcchen aufgrund von Vertragsstrafen<\/li>\n<li>Vertragsaufl\u00f6sungen<\/li>\n<li>Durchsetzung von Mietschulden und Zwangsr\u00e4umung von Mietwohnungen<\/li>\n<li>Geltendmachung von Versicherungsanspr\u00fcchen gem\u00e4\u00df dem vereinbarten Versicherungsvertrag<\/li>\n<li>Schadensersatzforderungen bei ungerechtfertigter Entlassung, einschlie\u00dflich Abfindungszahlung, Zahlung bei Nichteinhaltung der K\u00fcndigungsfrist, \u00dcberstundenverg\u00fctung, Entsch\u00e4digung f\u00fcr nicht genommenen Jahresurlaub und Urlaubsabgeltung<\/li>\n<li>Kauf- und Verkaufsabwicklung von Grundst\u00fccken sowie Abwicklung von \u00dcbertragungsrechten an Grundst\u00fccken<\/li>\n<li>Geltendmachung von R\u00fcckerstattungen, kostenlose Reparaturen oder Austausch mit mangelfreien Waren im Bereich der Verbrauchervertr\u00e4ge<\/li>\n<\/ul>\n<p>&nbsp;<\/p>\n","protected":false},"excerpt":{"rendered":"<p>Vertr\u00e4ge Keskiner Anwaltskanzlei in Istanbul, T\u00fcrkei, und ihre erfahrenen Rechtsanw\u00e4lte im Bereich Vertragsrecht bieten rechtliche Beratung, um die beste L\u00f6sung zu finden. Aufgrund ihrer langj\u00e4hrigen Erfahrung ber\u00e4t und betreut die Kanzlei ihre Mandanten im Bereich des Vertragsrechts, einschlie\u00dflich Handelsvertr\u00e4gen, Darlehensvertr\u00e4gen, Versicherungsvertr\u00e4gen, Mietvertr\u00e4gen, Arbeitsvertr\u00e4gen, Rechtsmitteln bei Vertragsverletzungen und Verfahren zur Vertragsaufl\u00f6sung. Vertragsverhandlungen, Erreichen einer einvernehmlichen Vereinbarung [&hellip;]<\/p>\n","protected":false},"author":1,"featured_media":0,"parent":0,"menu_order":0,"comment_status":"closed","ping_status":"closed","template":"","meta":{"footnotes":""},"class_list":["post-3831","page","type-page","status-publish","hentry"],"aioseo_notices":[],"_links":{"self":[{"href":"https:\/\/www.keskinerlaw.com\/de\/wp-json\/wp\/v2\/pages\/3831"}],"collection":[{"href":"https:\/\/www.keskinerlaw.com\/de\/wp-json\/wp\/v2\/pages"}],"about":[{"href":"https:\/\/www.keskinerlaw.com\/de\/wp-json\/wp\/v2\/types\/page"}],"author":[{"embeddable":true,"href":"https:\/\/www.keskinerlaw.com\/de\/wp-json\/wp\/v2\/users\/1"}],"replies":[{"embeddable":true,"href":"https:\/\/www.keskinerlaw.com\/de\/wp-json\/wp\/v2\/comments?post=3831"}],"version-history":[{"count":2,"href":"https:\/\/www.keskinerlaw.com\/de\/wp-json\/wp\/v2\/pages\/3831\/revisions"}],"predecessor-version":[{"id":4273,"href":"https:\/\/www.keskinerlaw.com\/de\/wp-json\/wp\/v2\/pages\/3831\/revisions\/4273"}],"wp:attachment":[{"href":"https:\/\/www.keskinerlaw.com\/de\/wp-json\/wp\/v2\/media?parent=3831"}],"curies":[{"name":"wp","href":"https:\/\/api.w.org\/{rel}","templated":true}]}}