{"id":3833,"date":"2024-08-09T14:02:32","date_gmt":"2024-08-09T11:02:32","guid":{"rendered":"https:\/\/www.keskinerlaw.com\/immaterialgueterrecht\/"},"modified":"2025-01-02T16:20:10","modified_gmt":"2025-01-02T13:20:10","slug":"immaterialgueterrecht","status":"publish","type":"page","link":"https:\/\/www.keskinerlaw.com\/de\/immaterialgueterrecht\/","title":{"rendered":"Immaterialg\u00fcterrecht"},"content":{"rendered":"<h1>Rechtsanwalt f\u00fcr Immaterialg\u00fcterrecht<\/h1>\n<p style=\"text-align: justify;\">Keskiner Anwaltskanzlei in Istanbul, T\u00fcrkei und ihre erfahrenen Rechtsanw\u00e4lte f\u00fcr Immaterialg\u00fcterrecht bietet rechtliche Beratung um die beste L\u00f6sung zu finden. Keskiner Anwaltskanzlei bietet aufgrund ihrer besonderen Erfahrung rechtliche Beratung und Betreuung ihrer Clienten, die\u00fcber geistigesEigentum wie k\u00fcnstlerisches Schaffen, Design, Muster, Software, Anwendungen f\u00fcr Smartphones verf\u00fcgen und unterst\u00fctzt diese bei der Eintragung einer Schutzmarke oder Patent.<\/p>\n<p style=\"text-align: justify;\">&#8211; Eintragung und Sicherung des geistigen Eigentums von Software, Design, Applikationen f\u00fcr Smartphones, Geschmacks- und Gebrauchsmuster<\/p>\n<p style=\"text-align: justify;\">&#8211; Straf- und zivilrechtliche Betreuung im Falle einer Urheberrechtsverletzung, einschlie\u00dflich Schadensersatzforderungen in Form von Geld- und Sachleistungen<\/p>\n<p style=\"text-align: justify;\">&#8211; Sicherung von Gesch\u00e4ftsgeheimnissen und Verh\u00e4ngung von Sanktionen im Falle einer Verletzung<\/p>\n<p><strong>Immaterialg\u00fcterrecht<\/strong>\u00a0ist der Rechtsbereich, der sich mit dem Schutz geistiger Sch\u00f6pfungen und Ideen befasst. Es umfasst alle rechtlichen Regelungen, die dazu dienen, die Rechte an immateriellen G\u00fctern, wie Erfindungen, Marken, Designs, Software, Kunstwerken und anderen kreativen oder innovativen Leistungen, zu sichern und zu sch\u00fctzen.<\/p>\n<p>Zu den wichtigsten Bereichen des Immaterialg\u00fcterrechts geh\u00f6ren:<\/p>\n<ol>\n<li><strong>Patentrecht<\/strong>: Sch\u00fctzt technische Erfindungen und gew\u00e4hrleistet dem Erfinder das ausschlie\u00dfliche Recht, seine Erfindung zu nutzen und zu vermarkten.<\/li>\n<li><strong>Markenrecht<\/strong>: Regelt den Schutz von Marken und Markenzeichen, die zur Unterscheidung von Waren und Dienstleistungen verwendet werden, und gew\u00e4hrt den Markeninhabern das Recht, ihre Marken exklusiv zu verwenden.<\/li>\n<li><strong>Urheberrecht<\/strong>: Sch\u00fctzt Werke der Literatur, Kunst, Musik, Software und andere kreative Ausdrucksformen vor unbefugter Nutzung.<\/li>\n<li><strong>Designrecht<\/strong>: Bietet Schutz f\u00fcr das \u00e4u\u00dfere Erscheinungsbild von Produkten, einschlie\u00dflich Formen, Farben und Texturen, die als neu und einzigartig gelten.<\/li>\n<li><strong>Musterrecht<\/strong>: Sch\u00fctzt die visuelle Gestaltung von Produkten und deren funktionale Form, um Kopien oder Nachahmungen zu verhindern.<\/li>\n<li><strong>Geschmacksmusterrecht<\/strong>: \u00c4hnlich wie das Designrecht, jedoch spezifischer auf die \u00e4sthetische Gestaltung von Produkten ausgerichtet.<\/li>\n<li><strong>Software- und Applikationsschutz<\/strong>: Der Schutz von Software und digitalen Anwendungen, einschlie\u00dflich der Rechte an Quellcode und Programmen.<\/li>\n<\/ol>\n<p>Das Immaterialg\u00fcterrecht hilft dabei, die wirtschaftlichen Interessen der Sch\u00f6pfer und Inhaber geistigen Eigentums zu wahren, indem es verhindert, dass Dritte ohne Genehmigung von deren Innovationen oder kreativen Arbeiten profitieren.<\/p>\n","protected":false},"excerpt":{"rendered":"<p>Rechtsanwalt f\u00fcr Immaterialg\u00fcterrecht Keskiner Anwaltskanzlei in Istanbul, T\u00fcrkei und ihre erfahrenen Rechtsanw\u00e4lte f\u00fcr Immaterialg\u00fcterrecht bietet rechtliche Beratung um die beste L\u00f6sung zu finden. Keskiner Anwaltskanzlei bietet aufgrund ihrer besonderen Erfahrung rechtliche Beratung und Betreuung ihrer Clienten, die\u00fcber geistigesEigentum wie k\u00fcnstlerisches Schaffen, Design, Muster, Software, Anwendungen f\u00fcr Smartphones verf\u00fcgen und unterst\u00fctzt diese bei der Eintragung einer [&hellip;]<\/p>\n","protected":false},"author":1,"featured_media":0,"parent":0,"menu_order":0,"comment_status":"closed","ping_status":"closed","template":"","meta":{"footnotes":""},"class_list":["post-3833","page","type-page","status-publish","hentry"],"aioseo_notices":[],"_links":{"self":[{"href":"https:\/\/www.keskinerlaw.com\/de\/wp-json\/wp\/v2\/pages\/3833"}],"collection":[{"href":"https:\/\/www.keskinerlaw.com\/de\/wp-json\/wp\/v2\/pages"}],"about":[{"href":"https:\/\/www.keskinerlaw.com\/de\/wp-json\/wp\/v2\/types\/page"}],"author":[{"embeddable":true,"href":"https:\/\/www.keskinerlaw.com\/de\/wp-json\/wp\/v2\/users\/1"}],"replies":[{"embeddable":true,"href":"https:\/\/www.keskinerlaw.com\/de\/wp-json\/wp\/v2\/comments?post=3833"}],"version-history":[{"count":4,"href":"https:\/\/www.keskinerlaw.com\/de\/wp-json\/wp\/v2\/pages\/3833\/revisions"}],"predecessor-version":[{"id":4338,"href":"https:\/\/www.keskinerlaw.com\/de\/wp-json\/wp\/v2\/pages\/3833\/revisions\/4338"}],"wp:attachment":[{"href":"https:\/\/www.keskinerlaw.com\/de\/wp-json\/wp\/v2\/media?parent=3833"}],"curies":[{"name":"wp","href":"https:\/\/api.w.org\/{rel}","templated":true}]}}