{"id":3835,"date":"2024-08-09T14:04:06","date_gmt":"2024-08-09T11:04:06","guid":{"rendered":"https:\/\/www.keskinerlaw.com\/wirtschafts-gesellschaftsrecht\/"},"modified":"2024-12-16T18:12:27","modified_gmt":"2024-12-16T15:12:27","slug":"wirtschafts-gesellschaftsrecht","status":"publish","type":"page","link":"https:\/\/www.keskinerlaw.com\/de\/wirtschafts-gesellschaftsrecht\/","title":{"rendered":"Wirtschafts- &#038; Gesellschaftsrecht"},"content":{"rendered":"<h1 style=\"text-align: justify;\">Wirtschafts- &amp; Gesellschaftsrecht<\/h1>\n<p>Keskiner Anwaltskanzlei ber\u00e4t und betreut Handelsgesellschaften dank ihrer langj\u00e4hrigen Erfahrung im Bereich des Wirtschafts- und Gesellschaftsrechts.<\/p>\n<ul>\n<li>Gr\u00fcndungsverfahren von Unternehmen, einschlie\u00dflich Aktiengesellschaften, Gesellschaften mit beschr\u00e4nkter Haftung und anderen Unternehmensformen<\/li>\n<li>Durchf\u00fchrung von Versammlungen und Beratung zu Entscheidungen der Hauptversammlung und des Aufsichtsrats<\/li>\n<li>Erh\u00f6hung und Reduzierung von Einlagen sowie Schadensersatzanspr\u00fcche der Gesellschafter im Fall von Einlagenerh\u00f6hungen<\/li>\n<li>Fusionen und \u00dcbernahmen<\/li>\n<li>Vertragsgestaltung und L\u00f6sung von Problemen bei Vertragsverletzungen<\/li>\n<li>Durchf\u00fchrung von Ma\u00dfnahmen bei ausstehenden Forderungen, Bewertung der Verm\u00f6genswerte des Schuldners, Verpf\u00e4ndung von Verm\u00f6genspositionen, Ver\u00e4u\u00dfern von Verm\u00f6genswerten des Schuldners und schlie\u00dflich die Einziehung von Forderungen<\/li>\n<li>Wertpapiergesch\u00e4fte<\/li>\n<li>Erstellung von Arbeitsvertr\u00e4gen zwischen Arbeitgeber und Arbeitnehmer<\/li>\n<li>Insolvenz- und Aufl\u00f6sungsverfahren<\/li>\n<\/ul>\n<p>Das Wirtschafts- und Gesellschaftsrecht umfasst alle rechtlichen Regelungen und Prozesse, die mit Unternehmen und deren wirtschaftlichen Aktivit\u00e4ten zu tun haben. Es behandelt Themen wie die Gr\u00fcndung von Unternehmen, ihre interne Struktur, die Beziehungen zu den Gesellschaftern, die Aufl\u00f6sung von Gesellschaften, Fusionen und \u00dcbernahmen sowie die Gestaltung und Durchsetzung von Vertr\u00e4gen. Es geht auch um die Regelung von rechtlichen Streitigkeiten zwischen Gesellschaften und deren Gesellschaftern oder Gesch\u00e4ftspartnern, einschlie\u00dflich der Haftung, Schadensersatz und Insolvenzverfahren.<\/p>\n<p>Konkret umfasst das Wirtschafts- und Gesellschaftsrecht unter anderem:<\/p>\n<ul>\n<li>Unternehmensgr\u00fcndung und -struktur (z. B. Aktiengesellschaften, GmbHs)<\/li>\n<li>Regelungen zu Hauptversammlungen und Aufsichtsr\u00e4ten<\/li>\n<li>Erh\u00f6hung und Reduzierung von Gesellschaftseinlagen<\/li>\n<li>Fusionen und \u00dcbernahmen (M&amp;A)<\/li>\n<li>Vertragsrecht, einschlie\u00dflich Gestaltung und Durchsetzung von Vertr\u00e4gen<\/li>\n<li>Forderungsmanagement, inklusive der Einziehung von offenen Forderungen<\/li>\n<li>Wertpapiergesch\u00e4fte<\/li>\n<li>Arbeitsrechtliche Regelungen, insbesondere Arbeitsvertr\u00e4ge<\/li>\n<li>Insolvenzverfahren und Unternehmensaufl\u00f6sungen<\/li>\n<\/ul>\n<p>&nbsp;<\/p>\n","protected":false},"excerpt":{"rendered":"<p>Wirtschafts- &amp; Gesellschaftsrecht Keskiner Anwaltskanzlei ber\u00e4t und betreut Handelsgesellschaften dank ihrer langj\u00e4hrigen Erfahrung im Bereich des Wirtschafts- und Gesellschaftsrechts. Gr\u00fcndungsverfahren von Unternehmen, einschlie\u00dflich Aktiengesellschaften, Gesellschaften mit beschr\u00e4nkter Haftung und anderen Unternehmensformen Durchf\u00fchrung von Versammlungen und Beratung zu Entscheidungen der Hauptversammlung und des Aufsichtsrats Erh\u00f6hung und Reduzierung von Einlagen sowie Schadensersatzanspr\u00fcche der Gesellschafter im Fall von [&hellip;]<\/p>\n","protected":false},"author":1,"featured_media":0,"parent":0,"menu_order":0,"comment_status":"closed","ping_status":"closed","template":"","meta":{"footnotes":""},"class_list":["post-3835","page","type-page","status-publish","hentry"],"aioseo_notices":[],"_links":{"self":[{"href":"https:\/\/www.keskinerlaw.com\/de\/wp-json\/wp\/v2\/pages\/3835"}],"collection":[{"href":"https:\/\/www.keskinerlaw.com\/de\/wp-json\/wp\/v2\/pages"}],"about":[{"href":"https:\/\/www.keskinerlaw.com\/de\/wp-json\/wp\/v2\/types\/page"}],"author":[{"embeddable":true,"href":"https:\/\/www.keskinerlaw.com\/de\/wp-json\/wp\/v2\/users\/1"}],"replies":[{"embeddable":true,"href":"https:\/\/www.keskinerlaw.com\/de\/wp-json\/wp\/v2\/comments?post=3835"}],"version-history":[{"count":3,"href":"https:\/\/www.keskinerlaw.com\/de\/wp-json\/wp\/v2\/pages\/3835\/revisions"}],"predecessor-version":[{"id":4279,"href":"https:\/\/www.keskinerlaw.com\/de\/wp-json\/wp\/v2\/pages\/3835\/revisions\/4279"}],"wp:attachment":[{"href":"https:\/\/www.keskinerlaw.com\/de\/wp-json\/wp\/v2\/media?parent=3835"}],"curies":[{"name":"wp","href":"https:\/\/api.w.org\/{rel}","templated":true}]}}