{"id":3841,"date":"2024-08-09T14:09:40","date_gmt":"2024-08-09T11:09:40","guid":{"rendered":"https:\/\/www.keskinerlaw.com\/steuerrecht\/"},"modified":"2024-12-16T17:57:05","modified_gmt":"2024-12-16T14:57:05","slug":"steuerrecht","status":"publish","type":"page","link":"https:\/\/www.keskinerlaw.com\/de\/steuerrecht\/","title":{"rendered":"Steuerrecht"},"content":{"rendered":"<h1>Steuerrecht<\/h1>\n<p>Die Keskiner Anwaltskanzlei mit Sitz in Istanbul, T\u00fcrkei, und ihre erfahrenen Rechtsanw\u00e4lte f\u00fcr Steuerrecht bieten umfassende rechtliche Beratung, um die bestm\u00f6glichen L\u00f6sungen f\u00fcr ihre Mandanten zu finden. Dank ihrer besonderen Expertise im Steuerrecht unterst\u00fctzt die Kanzlei ihre Mandanten bei Verhandlungen mit der Steuerbeh\u00f6rde, der Einleitung von Klagen im Falle einer Nichteinigung sowie bei Verfahren im Zusammenhang mit Steuerverlusten und Steuerstrafen.<\/p>\n<ul>\n<li>L\u00f6sung von Problemen im Zusammenhang mit Einkommenssteuer, Umsatzsteuer, K\u00f6rperschaftssteuer, Kfz-Steuer und anderen Steuerarten.<\/li>\n<li>Durchf\u00fchrung von Schlichtungsverfahren mit der Steuerverwaltung in Bezug auf Steuerschulden und Steuerstrafen sowie Einleitung von Gerichtsverfahren bei Scheitern der Schlichtung.<\/li>\n<li>Bearbeitung von Rechtsstreitigkeiten gegen Steuerbescheide, die von der Verwaltung erlassen wurden.<\/li>\n<li>Behandlung von F\u00e4llen fehlerhafter oder falscher Angaben in Steuererkl\u00e4rungen.<\/li>\n<\/ul>\n<p>Die Keskiner Anwaltskanzlei in Istanbul, T\u00fcrkei, bietet mit ihrem erfahrenen Team von Rechtsanw\u00e4lten f\u00fcr Steuerrecht umfassende rechtliche Beratung und Unterst\u00fctzung. Die Kanzlei hat sich darauf spezialisiert, ma\u00dfgeschneiderte L\u00f6sungen f\u00fcr Mandanten im Bereich Steuerrecht zu entwickeln und sie in komplexen steuerrechtlichen Angelegenheiten zu vertreten.<\/p>\n<p><strong>Unsere Leistungen im Steuerrecht:<\/strong><\/p>\n<ul>\n<li><strong>L\u00f6sung steuerrechtlicher Probleme:<\/strong> Unterst\u00fctzung bei Einkommenssteuer, K\u00f6rperschaftssteuer, Umsatzsteuer, Kfz-Steuer und anderen Steuerarten.<\/li>\n<li><strong>Schlichtungsverfahren:<\/strong> Durchf\u00fchrung von Verhandlungen mit der Steuerverwaltung \u00fcber Steuerschulden und Steuerstrafen sowie Vertretung bei Schlichtungen.<\/li>\n<li><strong>Gerichtliche Vertretung:<\/strong> Einleitung von Klagen bei Nichteinigung mit der Steuerverwaltung oder fehlerhaften Steuerbescheiden.<\/li>\n<li><strong>Fehlerhafte Steuerangaben:<\/strong> Beratung und Vertretung in F\u00e4llen von falschen oder unvollst\u00e4ndigen Angaben in Steuererkl\u00e4rungen.<\/li>\n<li><strong>Rechtsstreitigkeiten:<\/strong> Bearbeitung von Verfahren im Zusammenhang mit Steuerverlusten und Steuerstrafen.<\/li>\n<\/ul>\n<p>Unser Ziel ist es, Ihre Rechte als Steuerpflichtiger zu wahren und praktikable, schnelle und effektive L\u00f6sungen f\u00fcr Ihre steuerrechtlichen Anliegen zu finden.<\/p>\n","protected":false},"excerpt":{"rendered":"<p>Steuerrecht Die Keskiner Anwaltskanzlei mit Sitz in Istanbul, T\u00fcrkei, und ihre erfahrenen Rechtsanw\u00e4lte f\u00fcr Steuerrecht bieten umfassende rechtliche Beratung, um die bestm\u00f6glichen L\u00f6sungen f\u00fcr ihre Mandanten zu finden. Dank ihrer besonderen Expertise im Steuerrecht unterst\u00fctzt die Kanzlei ihre Mandanten bei Verhandlungen mit der Steuerbeh\u00f6rde, der Einleitung von Klagen im Falle einer Nichteinigung sowie bei Verfahren [&hellip;]<\/p>\n","protected":false},"author":1,"featured_media":0,"parent":0,"menu_order":0,"comment_status":"closed","ping_status":"closed","template":"","meta":{"footnotes":""},"class_list":["post-3841","page","type-page","status-publish","hentry"],"aioseo_notices":[],"_links":{"self":[{"href":"https:\/\/www.keskinerlaw.com\/de\/wp-json\/wp\/v2\/pages\/3841"}],"collection":[{"href":"https:\/\/www.keskinerlaw.com\/de\/wp-json\/wp\/v2\/pages"}],"about":[{"href":"https:\/\/www.keskinerlaw.com\/de\/wp-json\/wp\/v2\/types\/page"}],"author":[{"embeddable":true,"href":"https:\/\/www.keskinerlaw.com\/de\/wp-json\/wp\/v2\/users\/1"}],"replies":[{"embeddable":true,"href":"https:\/\/www.keskinerlaw.com\/de\/wp-json\/wp\/v2\/comments?post=3841"}],"version-history":[{"count":3,"href":"https:\/\/www.keskinerlaw.com\/de\/wp-json\/wp\/v2\/pages\/3841\/revisions"}],"predecessor-version":[{"id":4265,"href":"https:\/\/www.keskinerlaw.com\/de\/wp-json\/wp\/v2\/pages\/3841\/revisions\/4265"}],"wp:attachment":[{"href":"https:\/\/www.keskinerlaw.com\/de\/wp-json\/wp\/v2\/media?parent=3841"}],"curies":[{"name":"wp","href":"https:\/\/api.w.org\/{rel}","templated":true}]}}