{"id":3824,"date":"2024-08-09T13:51:50","date_gmt":"2024-08-09T10:51:50","guid":{"rendered":"https:\/\/www.keskinerlaw.com\/online-payment\/"},"modified":"2024-08-14T18:01:53","modified_gmt":"2024-08-14T15:01:53","slug":"online-payment","status":"publish","type":"page","link":"https:\/\/www.keskinerlaw.com\/en\/online-payment\/","title":{"rendered":"Online Payment"},"content":{"rendered":"<p><a style=\"display: block; width: 155px; height: 58px; text-decoration: none; color: #444; background: url('https:\/\/turkodeme.com.tr\/Tahsilat\/images\/etahsilat.png') no-repeat; padding: 12px 10px 30px 85px; font: bold 13px Tahoma;\" href=\"https:\/\/turkodeme.com.tr\/Tahsilat\/Default.aspx?k=cc78567b-02d5-4cad-9ec3-759132c93227\" target=\"_blank\" rel=\"noopener\">Keskiner Hukuk B\u00fcrosu<br \/>\n\u00d6DEME YAPMAK \u0130\u00c7\u0130N TIKLAYINIZ<\/a><\/p>\n<form action=\"https:\/\/www.paypal.com\/cgi-bin\/webscr\" method=\"post\" target=\"_top\"><input name=\"cmd\" type=\"hidden\" value=\"_s-xclick\" \/><br \/>\n<input name=\"hosted_button_id\" type=\"hidden\" value=\"UYY6QSBWZBJB4\" \/><\/p>\n<table>\n<tbody>\n<tr>\n<td><input name=\"on0\" type=\"hidden\" value=\"Odeme Tipi Seciniz\" \/>Odeme Tipi Seciniz<\/td>\n<\/tr>\n<tr>\n<td><select name=\"os0\"><option value=\"Avukatlik Ucreti\">Avukatlik Ucreti<\/option><option value=\"Masraf\">Masraf<\/option><option value=\"Avans\">Avans<\/option><option value=\"Dosya Borcu Odeme\">Dosya Borcu Odeme<\/option><option value=\"Diger\">Diger<\/option><\/select><\/td>\n<\/tr>\n<\/tbody>\n<\/table>\n<p><input alt=\"PayPal - Online \u00f6deme yapman\u0131n daha g\u00fcvenli ve kolay yolu!\" name=\"submit\" src=\"https:\/\/www.paypalobjects.com\/tr_TR\/TR\/i\/btn\/btn_paynowCC_LG.gif\" type=\"image\" \/><br \/>\n<img loading=\"lazy\" decoding=\"async\" src=\"https:\/\/www.paypalobjects.com\/tr_TR\/i\/scr\/pixel.gif\" alt=\"\" width=\"1\" height=\"1\" border=\"0\" \/><\/p>\n<\/form>\n","protected":false},"excerpt":{"rendered":"<p>Keskiner Hukuk B\u00fcrosu \u00d6DEME YAPMAK \u0130\u00c7\u0130N TIKLAYINIZ Odeme Tipi Seciniz Avukatlik UcretiMasrafAvansDosya Borcu OdemeDiger<\/p>\n","protected":false},"author":1,"featured_media":0,"parent":0,"menu_order":0,"comment_status":"closed","ping_status":"closed","template":"","meta":{"footnotes":""},"class_list":["post-3824","page","type-page","status-publish","hentry"],"aioseo_notices":[],"_links":{"self":[{"href":"https:\/\/www.keskinerlaw.com\/en\/wp-json\/wp\/v2\/pages\/3824"}],"collection":[{"href":"https:\/\/www.keskinerlaw.com\/en\/wp-json\/wp\/v2\/pages"}],"about":[{"href":"https:\/\/www.keskinerlaw.com\/en\/wp-json\/wp\/v2\/types\/page"}],"author":[{"embeddable":true,"href":"https:\/\/www.keskinerlaw.com\/en\/wp-json\/wp\/v2\/users\/1"}],"replies":[{"embeddable":true,"href":"https:\/\/www.keskinerlaw.com\/en\/wp-json\/wp\/v2\/comments?post=3824"}],"version-history":[{"count":1,"href":"https:\/\/www.keskinerlaw.com\/en\/wp-json\/wp\/v2\/pages\/3824\/revisions"}],"predecessor-version":[{"id":4029,"href":"https:\/\/www.keskinerlaw.com\/en\/wp-json\/wp\/v2\/pages\/3824\/revisions\/4029"}],"wp:attachment":[{"href":"https:\/\/www.keskinerlaw.com\/en\/wp-json\/wp\/v2\/media?parent=3824"}],"curies":[{"name":"wp","href":"https:\/\/api.w.org\/{rel}","templated":true}]}}